{"id":35679,"date":"2015-04-18T22:27:16","date_gmt":"2015-04-18T21:27:16","guid":{"rendered":"http:\/\/global-gsm-control.com\/tmp\/?page_id=35679"},"modified":"2022-02-09T10:37:51","modified_gmt":"2022-02-09T09:37:51","slug":"avertissement","status":"publish","type":"page","link":"https:\/\/www.global-gsm-control.com\/en\/legal-disclaimer.html","title":{"rendered":"Legal Notice &amp; Responsibilities"},"content":{"rendered":"<div class=\"wpb-content-wrapper\"><div class=\"vc_row wpb_row vc_row-fluid dt-default\" style=\"margin-top: 0px;margin-bottom: 80px\"><div class=\"wpb_column vc_column_container vc_col-sm-12\"><div class=\"vc_column-inner\"><div class=\"wpb_wrapper\"><h2 style=\"text-align: center;font-family:Exo;font-weight:700;font-style:normal\" class=\"vc_custom_heading vc_do_custom_heading\" >Legal Notice &amp; Responsibilities<\/h2><div class=\"hr-thin style-line\" style=\"width: 15%;border-color: #dd3333;border-top-width: 5px;\"><\/div><div class=\"vc_empty_space\"   style=\"height: 60px\"><span class=\"vc_empty_space_inner\"><\/span><\/div>\n\t<div class=\"wpb_text_column wpb_content_element\" >\n\t\t<div class=\"wpb_wrapper\">\n\t\t\t<p><span style=\"color: #000000; font-family: myriad-pro; font-size: 12pt;\">Our software is sold to companies or individuals who own the mobile devices they wish to control.<\/span><\/p>\n<p><span style=\"font-family: myriad-pro; font-size: 12pt;\">This use is only permitted insofar as it is done in compliance with the laws in force in the country on respect for the privacy of others.<\/span><\/p>\n<p>&nbsp;<\/p>\n<p><span style=\"font-family: myriad-pro; font-size: 12pt;\"><span class=\"strong underline\"><strong>International use:<\/strong> <\/span> Although the GGC Website and Software may be accessible worldwide, we make no representation that the Software or related materials are appropriate or available for use in your location, and the Software may not be accessible from territories where the content is prohibited by local law. Those who choose to access the Software from such territories do so on their own initiative and are solely responsible for compliance with local laws, if and to the extent local laws are applicable. Any offer and\/or information made in connection with the Software is void where prohibited.<\/span><\/p>\n<p>&nbsp;<\/p>\n<p><span style=\"color: #000000; font-family: myriad-pro; font-size: 12pt;\">You should understand and acknowledge that installing monitoring and surveillance software on cell phones that you do not own or have permission to install is illegal in most countries.<\/span><\/p>\n<p><span style=\"font-family: myriad-pro; font-size: 12pt;\">It is the responsibility of the user of our software to verify that its use obeys all applicable laws in his country and in the country in which the software is used.<\/span><\/p>\n<p><span style=\"font-family: myriad-pro; font-size: 12pt;\">In particular, it is forbidden to use it for purposes that are considered underhand, without the knowledge of the person using the telephone.<\/span><\/p>\n<p><span style=\"font-family: myriad-pro; font-size: 12pt;\">If you are in doubt, consult your lawyer before using our products.<\/span><\/p>\n<p>&nbsp;<\/p>\n<p><span style=\"color: #000000; font-family: myriad-pro; font-size: 12pt;\">By downloading and installing one of our software on a cell phone or computer, you acknowledge that you are the owner of the device (cell phone or computer) and that its subscription with a cell phone operator is in your name. It is not sufficient to be only the holder of the subscription or only the owner of the device. You also acknowledge that the use you will make of it will be, in all points, in conformity with the legislation in force in your country and in the country where it can or will be used.<\/span><\/p>\n<p><span style=\"color: #000000; font-family: myriad-pro; font-size: 12pt;\">It is the user's responsibility to check and obey all laws in force in his country, concerning the use of our software for \"illegal\" purposes. If you have any doubts, consult your lawyer before using Global GSM Control. <\/span><\/p>\n<p><span style=\"color: #000000; font-family: myriad-pro; font-size: 12pt;\">By downloading and installing one of our software, you ensure that it will only be used in a legal manner. <\/span><\/p>\n<p>&nbsp;<\/p>\n<p><span style=\"font-family: myriad-pro; font-size: 12pt;\">Recording SMS, listening to conversations, reading e-mails, locating the position of a device (telephone or computer) are prohibited activities if they are practiced on devices belonging to other individuals or legal entities and\/or if the persons using the device equipped with one of our software:<\/span><\/p>\n<p><span style=\"font-family: myriad-pro; font-size: 12pt;\">- do not have the option to disable the software<\/span><\/p>\n<p><span style=\"font-family: myriad-pro; font-size: 12pt;\">- are not informed in writing of the software's features<\/span><\/p>\n<p><span style=\"font-family: myriad-pro; font-size: 12pt;\">- that their consent to its use has not been clearly given also in writing and without compulsion and with full knowledge of the facts.<\/span><\/p>\n<p><span style=\"font-family: myriad-pro; font-size: 12pt;\">In the event that these provisions are not made, the natural or legal person engaging in these activities acknowledges his or her guilt in violating the privacy of others.<\/span><\/p>\n<p><span style=\"font-family: myriad-pro; font-size: 12pt;\">She will be liable to the penalties that the penal code of her country will specify in this matter.<\/span><\/p>\n<p><span style=\"color: #000000; font-family: myriad-pro; font-size: 12pt;\">We assume no responsibility and are not liable for any abuse or damage caused by the use of our software. <\/span><\/p>\n<p><span style=\"font-family: myriad-pro; font-size: 12pt;\"><strong><em><span style=\"color: #000000;\">By purchasing and downloading any of our software, you agree with the above and acknowledge that it is your sole responsibility to comply with these laws.<\/span><\/em><\/strong><\/span><\/p>\n<p><span style=\"color: #000000; font-family: myriad-pro; font-size: 12pt;\">You also agree and acknowledge that laws and procedures change frequently and are subject to different interpretations. The situations described on this site may not apply to you in particular. Therefore, no action recommended on this site should be taken without first obtaining advice and counsel from lawyers or legal professionals.<\/span><\/p>\n<p>&nbsp;<\/p>\n<p><span style=\"color: #000000; font-family: myriad-pro-bold; font-size: 14pt;\"><b>GGC is designed for strictly legal use<\/b><\/span><\/p>\n<p>&nbsp;<\/p>\n<p><span style=\"font-family: myriad-pro; font-size: 12pt;\">The Licensed Software is intended for use by those who have the legal right to monitor the device, account, application or program on which it is installed or on which it is used for monitoring purposes. Application Provider is unable to provide you with legal advice regarding your use of the Licensed Software. You should be aware that it is a violation of applicable law to install or use monitoring software, such as the Licensed Software, on a cell phone or other device, account, application or program that you do not have the right to monitor. The law generally requires that you notify the users or owners of the device, account, application or program that the device, account, application or program is being monitored. Failure to do so may constitute a violation of the law, <strong>which can lead to significant financial and penal sanctions against the offender<\/strong>. We advise you to <strong>consult your legal advisor<\/strong> as to the legality of the use of the Licensed Software you wish to make before downloading, installing, or using the Licensed Software. <strong>It is your sole responsibility to determine whether you have the right to monitor the device, account, application or program on which the licensed software is installed<\/strong>. <strong>Application Provider shall not be liable if User decides to monitor a device, account, application or program that it does not have the right to monitor<\/strong>.<\/span><\/p>\n<p>&nbsp;<\/p>\n<p><span style=\"font-family: myriad-pro-bold; font-size: 14pt;\"><b>Fraudulent and illegal use of the Software<br \/>\n<\/b><\/span><\/p>\n<p>&nbsp;<\/p>\n<p><span style=\"font-family: myriad-pro; font-size: 12pt;\">You agree that you will not use the Licensed Software in any way to harass, abuse, stalk, threaten, defame or otherwise infringe or violate the rights of any other person, and that Application Provider shall not be liable in any way for any such use by you, nor for any harassing, threatening, defamatory, offensive or illegal exchanges or messages you may receive as a result of using the Licensed Software. In the event that the Licensed Software is installed on a device without the owner's permission, the Application Provider has the right to issue uninstallation instructions for that person and to ensure that the offender's account is blocked. Please note that all data on the GGC servers is encrypted to protect the account holder's privacy, so the application provider cannot disclose this data to third parties or read it from the server.<\/span><\/p>\n<p>&nbsp;<\/p>\n<p><span style=\"color: #000000; font-family: myriad-pro; font-size: 12pt;\"><b><\/b>By purchasing software from www.global-gsm-control.com , you confirm that you have read, understood and agreed to the above conditions and that you are aware of the legal aspects valid in your Country or in the countries where our products will be used. <\/span><\/p>\n<p><span style=\"color: #000000; font-family: myriad-pro; font-size: 12pt;\">In this way you will also confirm that you will not violate the law on privacy and therefore you will not listen to the conversations of a third party made with his device (phone or computer) or any other form of surveillance without his written consent and obtained without coercion.<\/span><\/p>\n<p>&nbsp;<\/p>\n<p><span style=\"font-size: 14pt;\"><b><span style=\"font-family: myriad-pro;\">LEGAL EFFECT<\/span> <\/b><\/span><\/p>\n<ol>\n<li><span style=\"font-family: myriad-pro; font-size: 12pt;\">This \"Legal Notice &amp; Disclaimer\" page describes certain legal rights. You may have other rights under the laws of your state or country. These T&amp;Cs do not change your rights under the laws of your state or country.<\/span><\/li>\n<li><span style=\"font-family: myriad-pro; font-size: 12pt;\">In the event that the laws of your state or country do not permit you to use the entire application of the Software, or only certain features, you hereby acknowledge and agree that this is your responsibility.<\/span><\/li>\n<li><span style=\"font-family: myriad-pro; font-size: 12pt;\">For more information, do not hesitate to contact us<\/span><\/li>\n<\/ol>\n\n\t\t<\/div>\n\t<\/div>\n<\/div><\/div><\/div><\/div>\n<\/div>","protected":false},"excerpt":{"rendered":"<p>Legal Notice &amp; Disclaimer Our software is sold to companies or individuals who own the mobile devices they wish to control. This use is authorized only insofar as it is carried out in compliance with the laws in force in the country concerned regarding respect for the privacy of others.   International use: Although...<\/p>","protected":false},"author":1,"featured_media":0,"parent":0,"menu_order":0,"comment_status":"closed","ping_status":"open","template":"","meta":{"iawp_total_views":89,"_glsr_average":0,"_glsr_ranking":0,"_glsr_reviews":0,"footnotes":""},"class_list":["post-35679","page","type-page","status-publish","hentry","description-off"],"yoast_head":"<!-- This site is optimized with the Yoast SEO plugin v25.3.1 - https:\/\/yoast.com\/wordpress\/plugins\/seo\/ -->\n<title>Mentions l\u00e9gales &amp; Responsabilit\u00e9s - Global GSM Control<\/title>\n<meta name=\"description\" content=\"L&#039;utilisation d&#039;un logiciel de surveillance pour t\u00e9l\u00e9phone est-elle autoris\u00e9e?Voir la r\u00e9ponse sur Global GSM Control logiciel de surveillance de t\u00e9l\u00e9phones\" \/>\n<meta name=\"robots\" content=\"index, follow, max-snippet:-1, max-image-preview:large, max-video-preview:-1\" \/>\n<link rel=\"canonical\" href=\"https:\/\/www.global-gsm-control.com\/en\/legal-disclaimer.html\/\" \/>\n<meta name=\"twitter:label1\" content=\"Est. reading time\" \/>\n\t<meta name=\"twitter:data1\" content=\"6 minutes\" \/>\n<script type=\"application\/ld+json\" class=\"yoast-schema-graph\">{\"@context\":\"https:\/\/schema.org\",\"@graph\":[{\"@type\":\"WebPage\",\"@id\":\"https:\/\/www.global-gsm-control.com\/avertissement.html\",\"url\":\"https:\/\/www.global-gsm-control.com\/avertissement.html\",\"name\":\"Mentions l\u00e9gales & Responsabilit\u00e9s - Global GSM Control\",\"isPartOf\":{\"@id\":\"https:\/\/www.global-gsm-control.com\/#website\"},\"datePublished\":\"2015-04-18T21:27:16+00:00\",\"dateModified\":\"2022-02-09T09:37:51+00:00\",\"description\":\"L'utilisation d'un logiciel de surveillance pour t\u00e9l\u00e9phone est-elle autoris\u00e9e?Voir la r\u00e9ponse sur Global GSM Control logiciel de surveillance de t\u00e9l\u00e9phones\",\"breadcrumb\":{\"@id\":\"https:\/\/www.global-gsm-control.com\/avertissement.html#breadcrumb\"},\"inLanguage\":\"en-US\",\"potentialAction\":[{\"@type\":\"ReadAction\",\"target\":[\"https:\/\/www.global-gsm-control.com\/avertissement.html\"]}]},{\"@type\":\"BreadcrumbList\",\"@id\":\"https:\/\/www.global-gsm-control.com\/avertissement.html#breadcrumb\",\"itemListElement\":[{\"@type\":\"ListItem\",\"position\":1,\"name\":\"Accueil\",\"item\":\"https:\/\/www.global-gsm-control.com\/\"},{\"@type\":\"ListItem\",\"position\":2,\"name\":\"Mentions l\u00e9gales &#038; Responsabilit\u00e9s\"}]},{\"@type\":\"WebSite\",\"@id\":\"https:\/\/www.global-gsm-control.com\/#website\",\"url\":\"https:\/\/www.global-gsm-control.com\/\",\"name\":\"Global GSM Control\",\"description\":\"\",\"potentialAction\":[{\"@type\":\"SearchAction\",\"target\":{\"@type\":\"EntryPoint\",\"urlTemplate\":\"https:\/\/www.global-gsm-control.com\/?s={search_term_string}\"},\"query-input\":{\"@type\":\"PropertyValueSpecification\",\"valueRequired\":true,\"valueName\":\"search_term_string\"}}],\"inLanguage\":\"en-US\"}]}<\/script>\n<!-- \/ Yoast SEO plugin. -->","yoast_head_json":{"title":"Legal Notice &amp; Responsibilities - Global GSM Control","description":"Is the use of phone monitoring software allowed? See the answer on Global GSM Control phone monitoring software","robots":{"index":"index","follow":"follow","max-snippet":"max-snippet:-1","max-image-preview":"max-image-preview:large","max-video-preview":"max-video-preview:-1"},"canonical":"https:\/\/www.global-gsm-control.com\/en\/legal-disclaimer.html\/","twitter_misc":{"Est. reading time":"6 minutes"},"schema":{"@context":"https:\/\/schema.org","@graph":[{"@type":"WebPage","@id":"https:\/\/www.global-gsm-control.com\/avertissement.html","url":"https:\/\/www.global-gsm-control.com\/avertissement.html","name":"Legal Notice &amp; Responsibilities - Global GSM Control","isPartOf":{"@id":"https:\/\/www.global-gsm-control.com\/#website"},"datePublished":"2015-04-18T21:27:16+00:00","dateModified":"2022-02-09T09:37:51+00:00","description":"Is the use of phone monitoring software allowed? See the answer on Global GSM Control phone monitoring software","breadcrumb":{"@id":"https:\/\/www.global-gsm-control.com\/avertissement.html#breadcrumb"},"inLanguage":"en-US","potentialAction":[{"@type":"ReadAction","target":["https:\/\/www.global-gsm-control.com\/avertissement.html"]}]},{"@type":"BreadcrumbList","@id":"https:\/\/www.global-gsm-control.com\/avertissement.html#breadcrumb","itemListElement":[{"@type":"ListItem","position":1,"name":"Accueil","item":"https:\/\/www.global-gsm-control.com\/"},{"@type":"ListItem","position":2,"name":"Mentions l\u00e9gales &#038; Responsabilit\u00e9s"}]},{"@type":"WebSite","@id":"https:\/\/www.global-gsm-control.com\/#website","url":"https:\/\/www.global-gsm-control.com\/","name":"Global GSM Control","description":"","potentialAction":[{"@type":"SearchAction","target":{"@type":"EntryPoint","urlTemplate":"https:\/\/www.global-gsm-control.com\/?s={search_term_string}"},"query-input":{"@type":"PropertyValueSpecification","valueRequired":true,"valueName":"search_term_string"}}],"inLanguage":"en-US"}]}},"_links":{"self":[{"href":"https:\/\/www.global-gsm-control.com\/en\/wp-json\/wp\/v2\/pages\/35679"}],"collection":[{"href":"https:\/\/www.global-gsm-control.com\/en\/wp-json\/wp\/v2\/pages"}],"about":[{"href":"https:\/\/www.global-gsm-control.com\/en\/wp-json\/wp\/v2\/types\/page"}],"author":[{"embeddable":true,"href":"https:\/\/www.global-gsm-control.com\/en\/wp-json\/wp\/v2\/users\/1"}],"replies":[{"embeddable":true,"href":"https:\/\/www.global-gsm-control.com\/en\/wp-json\/wp\/v2\/comments?post=35679"}],"version-history":[{"count":1,"href":"https:\/\/www.global-gsm-control.com\/en\/wp-json\/wp\/v2\/pages\/35679\/revisions"}],"predecessor-version":[{"id":38738,"href":"https:\/\/www.global-gsm-control.com\/en\/wp-json\/wp\/v2\/pages\/35679\/revisions\/38738"}],"wp:attachment":[{"href":"https:\/\/www.global-gsm-control.com\/en\/wp-json\/wp\/v2\/media?parent=35679"}],"curies":[{"name":"wp","href":"https:\/\/api.w.org\/{rel}","templated":true}]}}