{"id":37001,"date":"2016-10-06T11:24:47","date_gmt":"2016-10-06T10:24:47","guid":{"rendered":"http:\/\/www.global-gsm-control.com\/?page_id=37001"},"modified":"2018-11-17T20:05:00","modified_gmt":"2018-11-17T19:05:00","slug":"acheter-logiciel-espion-telephone-portable-tablette","status":"publish","type":"page","link":"https:\/\/www.global-gsm-control.com\/en\/buy-spy-app.html","title":{"rendered":"Buy GGC"},"content":{"rendered":"<div class=\"wpb-content-wrapper\"><div class=\"vc_row wpb_row vc_row-fluid dt-default\" style=\"margin-top: -50px;margin-bottom: 0px\"><div class=\"wpb_column vc_column_container vc_col-sm-12\"><div class=\"vc_column-inner\"><div class=\"wpb_wrapper\"><div class=\"vc_empty_space\"   style=\"height: 60px\"><span class=\"vc_empty_space_inner\"><\/span><\/div>\n\t<div class=\"wpb_text_column wpb_content_element \" >\n\t\t<div class=\"wpb_wrapper\">\n\t\t\t<h1 style=\"text-align: center;\">Renouveler votre licence GGC<\/h1>\n\n\t\t<\/div>\n\t<\/div>\n<\/div><\/div><\/div><div class=\"wpb_column vc_column_container vc_col-sm-6\"><div class=\"vc_column-inner\"><div class=\"wpb_wrapper\"><div class=\"ult_pricing_table_wrap ult_design_3 ult_featured ult-cs-custom  \">\n\t\t\t\t\t<div class=\"ult_pricing_table \" style=\"background:#696969;\"><div id=\"price-table-wrap-9258\" class=\"ult_pricing_heading\">\n\t\t\t\t\t\t\t<h3 class=\"price-heading ult-responsive cust-headformat\"  data-ultimate-target='#price-table-wrap-9258 .cust-headformat'  data-responsive-json-new='{\"font-size\":\"desktop:30px;\",\"line-height\":\"\"}'  style=\"font-family:&#039;Exo&#039;;font-weight:900;\">Silver<\/h3><\/div><!--ult_pricing_heading--><div class=\"ult_price_body_block\" style=\"background:#20b2aa;color:#ffffff;\">\n\t\t\t\t\t\t\t<div class=\"ult_price_body\">\n\t\t\t\t\t\t\t\t<div id=\"price-table-wrap-2804\"  class=\"ult_price\">\n\t\t\t\t\t\t\t\t\t<span  data-ultimate-target='#price-table-wrap-2804 .ult_price_figure'  data-responsive-json-new='{\"font-size\":\"desktop:50px;\",\"line-height\":\"\"}'  class=\"ult_price_figure ult-responsive\" style=\"font-family:&#039;Exo&#039;;font-weight:800;\">159\u20ac<\/span>\n\t\t\t\t\t\t\t\t\t<span  data-ultimate-target='#price-table-wrap-2804 .ult_price_term'  data-responsive-json-new='{\"font-size\":\"desktop:25px;\",\"line-height\":\"\"}'  class=\"ult_price_term ult-responsive\" style=\"font-family:&#039;Exo 2&#039;;font-weight:700;\">12 MOIS<\/span>\n\t\t\t\t\t\t\t\t<\/div>\n\t\t\t\t\t\t\t<\/div>\n\t\t\t\t\t\t<\/div><!--ult_price_body_block--><div id=\"price-table-features-wrap-5853\" class=\"ult_price_features ult-responsive\"  data-ultimate-target='#price-table-features-wrap-5853'  data-responsive-json-new='{\"font-size\":\"\",\"line-height\":\"\"}'  style=\"font-weight:normal;\">\n\t\t\t\t\t\t\t<p>Utilisez la version\u00a0<strong>Silver\u00a0<\/strong>durant <strong>12\u00a0Mois<\/strong><\/p>\n<p>Voir\u00a0tableau comparatif ci-dessous pour plus de <span style=\"text-decoration: underline;\"><strong><a href=\"#tabcompartif\">d\u00e9tails<\/a><\/strong><\/span><\/p>\n\n\t\t\t\t\t\t<\/div><!--ult_price_features--><div id=\"price-table-button-wrap-6434\" class=\"ult_price_link\">\n\t\t\t\t\t\t\t<a  data-ultimate-target='#price-table-button-wrap-6434 .ult_price_action_button'  data-responsive-json-new='{\"font-size\":\"desktop:20px;\",\"line-height\":\"\"}'  href=\"https:\/\/store.payproglobal.com\/checkout?products%5B1%5D%5Bid%5D=43558\"  class=\"ult_price_action_button ult-responsive\" style=\"background:#20b2aa;color:#ffffff; font-family:&#039;Exo&#039;;font-weight:700;\">Achetez Maintenant<\/a>\n\t\t\t\t\t\t<\/div><!--ult_price_link--><div class=\"ult_clr\"><\/div>\n\t\t\t<\/div><!--pricing_table-->\n\t\t<\/div><!--pricing_table_wrap--><\/div><\/div><\/div><div class=\"wpb_column vc_column_container vc_col-sm-6\"><div class=\"vc_column-inner\"><div class=\"wpb_wrapper\"><div class=\"ult_pricing_table_wrap ult_design_3 ult_featured ult-cs-custom  \">\n\t\t\t\t\t<div class=\"ult_pricing_table \" style=\"\"><div id=\"price-table-wrap-7490\" class=\"ult_pricing_heading\">\n\t\t\t\t\t\t\t<h3 class=\"price-heading ult-responsive cust-headformat\"  data-ultimate-target='#price-table-wrap-7490 .cust-headformat'  data-responsive-json-new='{\"font-size\":\"desktop:30px;\",\"line-height\":\"\"}'  style=\"font-family:&#039;Exo&#039;;font-weight:900;\">Black Extreme<\/h3><\/div><!--ult_pricing_heading--><div class=\"ult_price_body_block\" style=\"background:rgba(255,216,0,0.65);color:#ffffff;\">\n\t\t\t\t\t\t\t<div class=\"ult_price_body\">\n\t\t\t\t\t\t\t\t<div id=\"price-table-wrap-2966\"  class=\"ult_price\">\n\t\t\t\t\t\t\t\t\t<span  data-ultimate-target='#price-table-wrap-2966 .ult_price_figure'  data-responsive-json-new='{\"font-size\":\"desktop:50px;\",\"line-height\":\"\"}'  class=\"ult_price_figure ult-responsive\" style=\"font-family:&#039;Exo&#039;;font-weight:800;\">299\u20ac<\/span>\n\t\t\t\t\t\t\t\t\t<span  data-ultimate-target='#price-table-wrap-2966 .ult_price_term'  data-responsive-json-new='{\"font-size\":\"desktop:25px;\",\"line-height\":\"\"}'  class=\"ult_price_term ult-responsive\" style=\"font-family:&#039;Exo 2&#039;;font-weight:700;\">12 MOIS<\/span>\n\t\t\t\t\t\t\t\t<\/div>\n\t\t\t\t\t\t\t<\/div>\n\t\t\t\t\t\t<\/div><!--ult_price_body_block--><div id=\"price-table-features-wrap-6271\" class=\"ult_price_features ult-responsive\"  data-ultimate-target='#price-table-features-wrap-6271'  data-responsive-json-new='{\"font-size\":\"\",\"line-height\":\"\"}'  style=\"font-weight:normal;\">\n\t\t\t\t\t\t\t<p>Utilisez la\u00a0<strong>Black Extreme\u00a0<\/strong>durant <strong>12\u00a0Mois<\/strong><\/p>\n<p>Voir\u00a0tableau comparatif ci-dessous pour plus de <span style=\"text-decoration: underline;\"><strong><a href=\"#tabcompartif\">d\u00e9tails<\/a><\/strong><\/span><\/p>\n\n\t\t\t\t\t\t<\/div><!--ult_price_features--><div id=\"price-table-button-wrap-7159\" class=\"ult_price_link\">\n\t\t\t\t\t\t\t<a  data-ultimate-target='#price-table-button-wrap-7159 .ult_price_action_button'  data-responsive-json-new='{\"font-size\":\"desktop:20px;\",\"line-height\":\"\"}'  href=\"https:\/\/store.payproglobal.com\/checkout?products%5B1%5D%5Bid%5D=43543\"  class=\"ult_price_action_button ult-responsive\" style=\"background:rgba(255,216,0,0.65);color:#ffffff; font-family:&#039;Exo&#039;;font-weight:700;\">Achetez Maintenant<\/a>\n\t\t\t\t\t\t<\/div><!--ult_price_link--><div class=\"ult_clr\"><\/div>\n\t\t\t<\/div><!--pricing_table-->\n\t\t<\/div><!--pricing_table_wrap--><\/div><\/div><\/div><div class=\"wpb_column vc_column_container vc_col-sm-12\"><div class=\"vc_column-inner\"><div class=\"wpb_wrapper\">\n\t<div class=\"wpb_text_column wpb_content_element \" >\n\t\t<div class=\"wpb_wrapper\">\n\t\t\t<p><img decoding=\"async\" class=\"aligncenter wp-image-36104 size-large\" src=\"https:\/\/www.global-gsm-control.com\/wp-content\/uploads\/2014\/09\/methode-paiement-1024x53.png\" alt=\"Nous acceptons\" width=\"1024\" height=\"53\" srcset=\"https:\/\/www.global-gsm-control.com\/wp-content\/uploads\/2014\/09\/methode-paiement-1024x53.png 1024w, https:\/\/www.global-gsm-control.com\/wp-content\/uploads\/2014\/09\/methode-paiement-300x16.png 300w, https:\/\/www.global-gsm-control.com\/wp-content\/uploads\/2014\/09\/methode-paiement.png 2026w\" sizes=\"(max-width: 1024px) 100vw, 1024px\" \/><\/p>\n\n\t\t<\/div>\n\t<\/div>\n<div class=\"vc_empty_space\"   style=\"height: 35px\"><span class=\"vc_empty_space_inner\"><\/span><\/div><\/div><\/div><\/div><\/div><div class=\"vc_row wpb_row vc_row-fluid dt-default\" style=\"margin-top: 0px;margin-bottom: 0px\"><div class=\"wpb_column vc_column_container vc_col-sm-12\"><div class=\"vc_column-inner\"><div class=\"wpb_wrapper\"><div class=\"vc_empty_space\"   style=\"height: 40px\"><span class=\"vc_empty_space_inner\"><\/span><\/div><h3 style=\"text-align: center;font-family:Dosis;font-weight:700;font-style:normal\" class=\"vc_custom_heading vc_do_custom_heading\" > Important \u00e0 savoir avant l\u2019achat:<\/h3><div class=\"hr-thin style-line\" style=\"width: 8%;border-color: #e20000;border-top-width: 5px;\"><\/div><div class=\"vc_empty_space\"   style=\"height: 40px\"><span class=\"vc_empty_space_inner\"><\/span><\/div><\/div><\/div><\/div><div class=\"wpb_column vc_column_container vc_col-sm-12\"><div class=\"vc_column-inner\"><div class=\"wpb_wrapper\"><div class=\"standard-arrow bullet-top\"><ul>\n<li>Vous devez avoir le t\u00e9l\u00e9phone cible entre les mains pour pouvoir y installer le logiciel (aucune installation \u00e0 distance n&rsquo;est possible)<\/li>\n<li>Le logiciel <strong>s&rsquo;installe<\/strong> sur le t\u00e9l\u00e9phone cible directement apr\u00e8s son t\u00e9l\u00e9chargement via le navigateur internet du t\u00e9l\u00e9phone cible.<br \/>\n(sauf pour les iPhone, car le t\u00e9l\u00e9chargement et l&rsquo;installation passe par l&rsquo;application Cydia). il suffit de lancer le navigateur Web acc\u00e9der au\u00a0lien de t\u00e9l\u00e9chargement qui figure dans le manuel d&rsquo;installation, Entrer le code d&rsquo;activation et lancer le\u00a0 t\u00e9l\u00e9chargement.\u00a0Cette op\u00e9ration ne dure que 5 min et ne n\u00e9cessite aucune de comp\u00e9tence informatique.<\/li>\n<li>Le t\u00e9l\u00e9phone cible doit disposer d&rsquo;une <strong>connexion internet<\/strong> afin que le logiciel puissent vous envoyer les donn\u00e9es captur\u00e9es<\/li>\n<li><span class=\"style43\"><span class=\"style42\">La <strong>facturation<\/strong> est unique, pas d&rsquo;abonnement, pas de frais r\u00e9currents.<\/span><\/span><\/li>\n<li><span class=\"style43\"><span class=\"style42\">Avant <strong>l&rsquo;expiration<\/strong> de votre licence, vous serez inform\u00e9\u00a0par e-mail de l&rsquo;expiration prochaine de la licence et pourrez la renouveler (si vous le souhaitez) sans avoir besoin d&rsquo;intervenir\u00a0sur le t\u00e9l\u00e9phone cible. Lors du renouvellement vous pourrez choisir \u00e0 nouveau la dur\u00e9e de validit\u00e9 que vous souhaitez<\/span><\/span><\/li>\n<li>La\u00a0dur\u00e9e de <strong>validit\u00e9<\/strong> d&rsquo;un logiciel\u00a0<strong>commence\u00a0<\/strong>\u00e0 partir de la date d\u2019achat.<\/li>\n<li>Vous pouvez <strong>d\u00e9placer le logiciel<\/strong> d\u2019un t\u00e9l\u00e9phone \u00e0 un autre t\u00e9l\u00e9phone compatible tant de fois que vous le souhaitez, en gardant la m\u00eame cl\u00e9 d\u2019activation. SANS AVOIR BESOIN D\u2019ACHETER UN NOUVEAU LOGICIEL ! Pour installer Global GSM Control sur un autre t\u00e9l\u00e9phone, vous devez le d\u00e9sactiver sur la cible actuelle, puis l&rsquo;installer sur la nouvelle cible.<\/li>\n<li>Notre logiciel <strong>s&rsquo;installe<\/strong> sur la m\u00e9moire du t\u00e9l\u00e9phone cible et non pas sur la carte sim, il est donc possible d&rsquo;installer le logiciel avec n&rsquo;importe quelle<br \/>\ncarte sim, et de la changer apr\u00e8s l&rsquo;installation.\u00a0rien \u00e0 installer sur votre propre t\u00e9l\u00e9phone.<\/li>\n<li>Il est possible de <strong>passer<\/strong> d&rsquo;une version\u00a0<strong>Silver<\/strong> vers une\u00a0version <strong>Black<\/strong><\/li>\n<\/ul>\n<\/div><div class=\"vc_empty_space\"   style=\"height: 40px\"><span class=\"vc_empty_space_inner\"><\/span><\/div><\/div><\/div><\/div><\/div><div class=\"vc_row wpb_row vc_row-fluid dt-default\" style=\"margin-top: 20px;margin-bottom: 0px\"><div class=\"wpb_column vc_column_container vc_col-sm-12\"><div class=\"vc_column-inner\"><div class=\"wpb_wrapper\"><div class=\"vc_message_box vc_message_box-solid vc_message_box-rounded vc_color-juicy_pink\" ><div class=\"vc_message_box-icon\"><i class=\"fa fa-solid fa-circle-info\"><\/i><\/div><h4><span style=\"color: #ffffff;\">Avertissement:<\/span><\/h4>\n<p>Le logiciel de surveillance Global GSM Control\u00a0est con\u00e7u uniquement pour les parents qui souhaitent surveiller leurs enfants mineurs ou pour des employeurs qui souhaitent superviser l&rsquo;utilisation des t\u00e9l\u00e9phones et tablettes de leurs entreprise par les employ\u00e9s,\u00a0\u00e0 condition de les en informer et d&rsquo;avoir obtenu leur consentement \u00e9crit.<\/p>\n<p>global-gsm-control.com ne pourra \u00eatre tenue pour responsable en cas d&rsquo;utilisation ill\u00e9gale de ce logiciel. global-gsm-control.com\u00a0n&rsquo;est pas habilit\u00e9 \u00e0 fournir des conseils juridiques concernant l&rsquo;utilisation de son logiciel.<br \/>\nVous \u00eates invit\u00e9 \u00e0 consulter votre conseiller juridique personnel avant d&rsquo;utiliser Global GSM Control. Pour en savoir plus, consultez notre page <span style=\"color: #ffffff;\"><a style=\"color: #ffffff;\" href=\".\/avertissement.html\"><strong>\u00ab\u00a0Responsabilit\u00e9\u00a0\u00bb<\/strong><\/a><\/span><\/p>\n<p>Les termes \u00ab\u00a0espionner\u00a0\u00bb, \u00ab\u00a0espionnage\u00a0\u00bb, \u00ab\u00a0logiciel espion\u00a0\u00bb ne sont utilis\u00e9s qu&rsquo;\u00e0 des fins de r\u00e9f\u00e9rencement, et ne sont pas repr\u00e9sentatifs des exemples d&rsquo;utilisation des logiciels propos\u00e9s. Le but de notre logiciel est de d&rsquo;assurer\u00a0la s\u00e9curit\u00e9 de vos enfants et favoriser la productivit\u00e9 de vos employ\u00e9s.<\/p>\n<\/div><\/div><\/div><\/div><\/div><div class=\"vc_row wpb_row vc_row-fluid dt-default\" style=\"margin-top: 0px;margin-bottom: 0px\"><div class=\"wpb_column vc_column_container vc_col-sm-12\"><div class=\"vc_column-inner\"><div class=\"wpb_wrapper\">\n\t<div class=\"wpb_raw_code wpb_raw_js\" >\n\t\t<div class=\"wpb_wrapper\">\n\t\t\t\n\t\t\n<script type=\"text\/javascript\">\n\n\nfunction getRadio(radioName){\n\n    var ret = null;\n\n    var inputs = document.getElementsByTagName('input');\n\n    for(var i = 0; i < inputs.length; i++){\n\n        if(inputs[i].type.toLowerCase() == 'radio'){\n\n            if(inputs[i].name == radioName && inputs[i].checked){\n\n                ret = inputs[i].value;\n\n            }\n\n        }\n\n    }\n\n    return ret;\n\n}\n\n\n\n<\/script>\n\t\t<\/div>\n\t<\/div>\n<\/div><\/div><\/div><\/div>\n<\/div>","protected":false},"excerpt":{"rendered":"<p>Renew your GGC Silver license 159\u20ac 12 MONTHS Use the Silver version during 12 Months See comparison table below for more details Buy Now Black Extreme 299\u20ac 12 MONTHS Use the Black Extreme during 12 Months See comparison table below for more details Buy Now Important to know before buying: You must have the target phone in your hands to be able to use it.<\/p>","protected":false},"author":1,"featured_media":0,"parent":0,"menu_order":0,"comment_status":"closed","ping_status":"closed","template":"","meta":{"iawp_total_views":8,"_glsr_average":0,"_glsr_ranking":0,"_glsr_reviews":0,"footnotes":""},"class_list":["post-37001","page","type-page","status-publish","hentry","description-off"],"yoast_head":"<!-- This site is optimized with the Yoast SEO plugin v25.3.1 - https:\/\/yoast.com\/wordpress\/plugins\/seo\/ -->\n<title>Acheter GGC - Global GSM Control<\/title>\n<meta name=\"robots\" content=\"index, follow, max-snippet:-1, max-image-preview:large, max-video-preview:-1\" \/>\n<link rel=\"canonical\" href=\"https:\/\/www.global-gsm-control.com\/en\/buy-spy-app.html\/\" \/>\n<meta name=\"twitter:label1\" content=\"Est. reading time\" \/>\n\t<meta name=\"twitter:data1\" content=\"5 minutes\" \/>\n<script type=\"application\/ld+json\" class=\"yoast-schema-graph\">{\"@context\":\"https:\/\/schema.org\",\"@graph\":[{\"@type\":\"WebPage\",\"@id\":\"https:\/\/www.global-gsm-control.com\/acheter-logiciel-espion-telephone-portable-tablette.html\",\"url\":\"https:\/\/www.global-gsm-control.com\/acheter-logiciel-espion-telephone-portable-tablette.html\",\"name\":\"Acheter GGC - Global GSM Control\",\"isPartOf\":{\"@id\":\"https:\/\/www.global-gsm-control.com\/#website\"},\"primaryImageOfPage\":{\"@id\":\"https:\/\/www.global-gsm-control.com\/acheter-logiciel-espion-telephone-portable-tablette.html#primaryimage\"},\"image\":{\"@id\":\"https:\/\/www.global-gsm-control.com\/acheter-logiciel-espion-telephone-portable-tablette.html#primaryimage\"},\"thumbnailUrl\":\"https:\/\/www.global-gsm-control.com\/wp-content\/uploads\/2014\/09\/methode-paiement-1024x53.png\",\"datePublished\":\"2016-10-06T10:24:47+00:00\",\"dateModified\":\"2018-11-17T19:05:00+00:00\",\"breadcrumb\":{\"@id\":\"https:\/\/www.global-gsm-control.com\/acheter-logiciel-espion-telephone-portable-tablette.html#breadcrumb\"},\"inLanguage\":\"en-US\",\"potentialAction\":[{\"@type\":\"ReadAction\",\"target\":[\"https:\/\/www.global-gsm-control.com\/acheter-logiciel-espion-telephone-portable-tablette.html\"]}]},{\"@type\":\"ImageObject\",\"inLanguage\":\"en-US\",\"@id\":\"https:\/\/www.global-gsm-control.com\/acheter-logiciel-espion-telephone-portable-tablette.html#primaryimage\",\"url\":\"https:\/\/www.global-gsm-control.com\/wp-content\/uploads\/2014\/09\/methode-paiement-1024x53.png\",\"contentUrl\":\"https:\/\/www.global-gsm-control.com\/wp-content\/uploads\/2014\/09\/methode-paiement-1024x53.png\"},{\"@type\":\"BreadcrumbList\",\"@id\":\"https:\/\/www.global-gsm-control.com\/acheter-logiciel-espion-telephone-portable-tablette.html#breadcrumb\",\"itemListElement\":[{\"@type\":\"ListItem\",\"position\":1,\"name\":\"Accueil\",\"item\":\"https:\/\/www.global-gsm-control.com\/\"},{\"@type\":\"ListItem\",\"position\":2,\"name\":\"Acheter GGC\"}]},{\"@type\":\"WebSite\",\"@id\":\"https:\/\/www.global-gsm-control.com\/#website\",\"url\":\"https:\/\/www.global-gsm-control.com\/\",\"name\":\"Global GSM Control\",\"description\":\"\",\"potentialAction\":[{\"@type\":\"SearchAction\",\"target\":{\"@type\":\"EntryPoint\",\"urlTemplate\":\"https:\/\/www.global-gsm-control.com\/?s={search_term_string}\"},\"query-input\":{\"@type\":\"PropertyValueSpecification\",\"valueRequired\":true,\"valueName\":\"search_term_string\"}}],\"inLanguage\":\"en-US\"}]}<\/script>\n<!-- \/ Yoast SEO plugin. -->","yoast_head_json":{"title":"Buy GGC - Global GSM Control","robots":{"index":"index","follow":"follow","max-snippet":"max-snippet:-1","max-image-preview":"max-image-preview:large","max-video-preview":"max-video-preview:-1"},"canonical":"https:\/\/www.global-gsm-control.com\/en\/buy-spy-app.html\/","twitter_misc":{"Est. reading time":"5 minutes"},"schema":{"@context":"https:\/\/schema.org","@graph":[{"@type":"WebPage","@id":"https:\/\/www.global-gsm-control.com\/acheter-logiciel-espion-telephone-portable-tablette.html","url":"https:\/\/www.global-gsm-control.com\/acheter-logiciel-espion-telephone-portable-tablette.html","name":"Buy GGC - Global GSM Control","isPartOf":{"@id":"https:\/\/www.global-gsm-control.com\/#website"},"primaryImageOfPage":{"@id":"https:\/\/www.global-gsm-control.com\/acheter-logiciel-espion-telephone-portable-tablette.html#primaryimage"},"image":{"@id":"https:\/\/www.global-gsm-control.com\/acheter-logiciel-espion-telephone-portable-tablette.html#primaryimage"},"thumbnailUrl":"https:\/\/www.global-gsm-control.com\/wp-content\/uploads\/2014\/09\/methode-paiement-1024x53.png","datePublished":"2016-10-06T10:24:47+00:00","dateModified":"2018-11-17T19:05:00+00:00","breadcrumb":{"@id":"https:\/\/www.global-gsm-control.com\/acheter-logiciel-espion-telephone-portable-tablette.html#breadcrumb"},"inLanguage":"en-US","potentialAction":[{"@type":"ReadAction","target":["https:\/\/www.global-gsm-control.com\/acheter-logiciel-espion-telephone-portable-tablette.html"]}]},{"@type":"ImageObject","inLanguage":"en-US","@id":"https:\/\/www.global-gsm-control.com\/acheter-logiciel-espion-telephone-portable-tablette.html#primaryimage","url":"https:\/\/www.global-gsm-control.com\/wp-content\/uploads\/2014\/09\/methode-paiement-1024x53.png","contentUrl":"https:\/\/www.global-gsm-control.com\/wp-content\/uploads\/2014\/09\/methode-paiement-1024x53.png"},{"@type":"BreadcrumbList","@id":"https:\/\/www.global-gsm-control.com\/acheter-logiciel-espion-telephone-portable-tablette.html#breadcrumb","itemListElement":[{"@type":"ListItem","position":1,"name":"Accueil","item":"https:\/\/www.global-gsm-control.com\/"},{"@type":"ListItem","position":2,"name":"Acheter GGC"}]},{"@type":"WebSite","@id":"https:\/\/www.global-gsm-control.com\/#website","url":"https:\/\/www.global-gsm-control.com\/","name":"Global GSM Control","description":"","potentialAction":[{"@type":"SearchAction","target":{"@type":"EntryPoint","urlTemplate":"https:\/\/www.global-gsm-control.com\/?s={search_term_string}"},"query-input":{"@type":"PropertyValueSpecification","valueRequired":true,"valueName":"search_term_string"}}],"inLanguage":"en-US"}]}},"_links":{"self":[{"href":"https:\/\/www.global-gsm-control.com\/en\/wp-json\/wp\/v2\/pages\/37001"}],"collection":[{"href":"https:\/\/www.global-gsm-control.com\/en\/wp-json\/wp\/v2\/pages"}],"about":[{"href":"https:\/\/www.global-gsm-control.com\/en\/wp-json\/wp\/v2\/types\/page"}],"author":[{"embeddable":true,"href":"https:\/\/www.global-gsm-control.com\/en\/wp-json\/wp\/v2\/users\/1"}],"replies":[{"embeddable":true,"href":"https:\/\/www.global-gsm-control.com\/en\/wp-json\/wp\/v2\/comments?post=37001"}],"version-history":[{"count":0,"href":"https:\/\/www.global-gsm-control.com\/en\/wp-json\/wp\/v2\/pages\/37001\/revisions"}],"wp:attachment":[{"href":"https:\/\/www.global-gsm-control.com\/en\/wp-json\/wp\/v2\/media?parent=37001"}],"curies":[{"name":"wp","href":"https:\/\/api.w.org\/{rel}","templated":true}]}}